{"id":4397,"date":"2025-07-22T08:22:13","date_gmt":"2025-07-22T08:22:13","guid":{"rendered":"https:\/\/factory319.com\/?page_id=4397"},"modified":"2025-07-28T16:29:07","modified_gmt":"2025-07-28T16:29:07","slug":"politique-dutilisation-des-cookies","status":"publish","type":"page","link":"https:\/\/factory319.com\/en\/politique-dutilisation-des-cookies\/","title":{"rendered":"Politique d&rsquo;utilisation des cookies\u00a0"},"content":{"rendered":"<div class=\"fusion-fullwidth fullwidth-box fusion-builder-row-1 fusion-flex-container nonhundred-percent-fullwidth non-hundred-percent-height-scrolling\" style=\"--awb-border-radius-top-left:0px;--awb-border-radius-top-right:0px;--awb-border-radius-bottom-right:0px;--awb-border-radius-bottom-left:0px;--awb-flex-wrap:wrap;\" ><div class=\"fusion-builder-row fusion-row fusion-flex-align-items-flex-start fusion-flex-content-wrap\" style=\"max-width:1372.8px;margin-left: calc(-4% \/ 2 );margin-right: calc(-4% \/ 2 );\"><div class=\"fusion-layout-column fusion_builder_column fusion-builder-column-0 fusion_builder_column_1_1 1_1 fusion-flex-column\" style=\"--awb-bg-size:cover;--awb-width-large:100%;--awb-margin-top-large:0px;--awb-spacing-right-large:1.92%;--awb-margin-bottom-large:0px;--awb-spacing-left-large:1.92%;--awb-width-medium:100%;--awb-spacing-right-medium:1.92%;--awb-spacing-left-medium:1.92%;--awb-width-small:100%;--awb-spacing-right-small:1.92%;--awb-spacing-left-small:1.92%;\"><div class=\"fusion-column-wrapper fusion-flex-justify-content-flex-start fusion-content-layout-column\"><div class=\"fusion-text fusion-text-1\"><h1 class=\"text-normal-nocap\"><span style=\"font-weight: 400;\">Politique d&rsquo;utilisation des cookies&nbsp;<\/span><\/h1>\n<h2 class=\"text-normal-nocap\"><span style=\"font-weight: 400;\">Quelle est l&rsquo;utilit\u00e9 de notre Politique d&rsquo;utilisation des cookies ?<\/span><\/h2>\n<p><b>Factory 319, qui g\u00e8re le site factory319.com, accorde une grande importance \u00e0 la confidentialit\u00e9 de vos donn\u00e9es personnelles qui repr\u00e9sente pour nous un gage de s\u00e9rieux et de confiance, y compris en mati\u00e8re de cookies.<\/b><br \/>\n<span style=\"font-weight: 400;\">A ce titre, notre Politique d&rsquo;utilisation des cookies t\u00e9moigne pr\u00e9cis\u00e9ment de notre <\/span><b>volont\u00e9 de faire respecter, au sein de Factory 319, les r\u00e8gles applicables en mati\u00e8re de protection des donn\u00e9es personnelles<\/b><span style=\"font-weight: 400;\"> et, plus particuli\u00e8rement, celles relatives aux cookies utilis\u00e9s lorsque vous naviguez sur notre site factory319.com.<\/span><br \/>\n<span style=\"font-weight: 400;\">Si vous souhaitez des informations sur les autres traitements de donn\u00e9es personnelles que nous r\u00e9alisons, nous vous invitons \u00e0 consulter notre <\/span><b>Politique de confidentialit\u00e9 des donn\u00e9es personnelles<\/b><span style=\"font-weight: 400;\">, <\/span><b>accessible \u00e0 tout moment<\/b><span style=\"font-weight: 400;\"> sur notre site factory319.com.<\/span><\/p>\n<h2 class=\"text-normal-nocap\"><span style=\"font-weight: 400;\">Qu&rsquo;est-ce qu&rsquo;un cookie et permet-il de vous identifier directement ?<\/span><\/h2>\n<p><span style=\"font-weight: 400;\">Un cookie est un <\/span><b>petit fichier \u201ctexte\u201d<\/b><span style=\"font-weight: 400;\"> plac\u00e9 et h\u00e9berg\u00e9 par un serveur sur votre terminal (ex : smartphone, tablette ou ordinateur) lorsque vous consultez un site internet.<\/span><br \/>\n<span style=\"font-weight: 400;\">Un cookie <\/span><b>ne permet pas de vous identifier personnellement<\/b><span style=\"font-weight: 400;\"> puisqu&rsquo;il permet seulement d&rsquo;identifier votre terminal via votre adresse IP, ainsi que diff\u00e9rentes informations li\u00e9es \u00e0 votre navigation (ex : dur\u00e9e de navigation, pages consult\u00e9es, taille de votre \u00e9cran, etc.).<\/span><\/p>\n<h2 class=\"text-normal-nocap\"><span style=\"font-weight: 400;\">Qu&rsquo;est-ce qu&rsquo;un cookie technique et pourquoi en utilisons-nous ?<\/span><\/h2>\n<p><span style=\"font-weight: 400;\">Le bon fonctionnement de notre site internet <\/span><a href=\"https:\/\/factory319.com\/en\/\"><span style=\"font-weight: 400;\">factory319.com<\/span><\/a><span style=\"font-weight: 400;\"> implique <\/span><b>n\u00e9cessairement l&rsquo;utilisation de cookies techniques<\/b><span style=\"font-weight: 400;\"> que nous pouvons utiliser <\/span><b>sans votre consentement pr\u00e9alable<\/b><span style=\"font-weight: 400;\">, sur le fondement de notre int\u00e9r\u00eat l\u00e9gitime \u00e0 vous fournir un site internet fonctionnel.<\/span><br \/>\n<span style=\"font-weight: 400;\">A titre d&rsquo;exemple, un cookie technique permet de retenir la langue de votre site internet ainsi que le format du site pour faciliter les prochaines connexions et la navigation.<\/span><br \/>\n<span style=\"font-weight: 400;\">Ainsi, bien que nous ne le conseillons pas, vous pouvez toujours vous opposer au d\u00e9p\u00f4t de ces cookies sur votre terminal \u00e0 l&rsquo;aide des param\u00e8tres de votre navigateur en suivant les instructions suivantes : <\/span><a href=\"https:\/\/support.google.com\/chrome\/answer\/95647?hl=fr&amp;hlrm=en\"><span style=\"font-weight: 400;\">Chrome<\/span><\/a><span style=\"font-weight: 400;\">, <\/span><a href=\"https:\/\/support.microsoft.com\/fr-fr\/microsoft-edge\/supprimer-les-cookies-dans-microsoft-edge-63947406-40ac-c3b8-57b9-2a946a29ae09\"><span style=\"font-weight: 400;\">Microsoft Edge<\/span><\/a><span style=\"font-weight: 400;\">, <\/span><a href=\"https:\/\/support.apple.com\/fr-fr\/guide\/safari\/sfri11471\/mac\"><span style=\"font-weight: 400;\">Safari<\/span><\/a><span style=\"font-weight: 400;\">, <\/span><a href=\"https:\/\/support.mozilla.org\/fr\/kb\/cookies-informations-sites-enregistrent?redirectlocale=fr&amp;redirectslug=G%C3%A9rer+les+cookies\"><span style=\"font-weight: 400;\">Firefox<\/span><\/a><span style=\"font-weight: 400;\"> , and <\/span><a href=\"https:\/\/help.opera.com\/en\/latest\/web-preferences\/#cookies\"><span style=\"font-weight: 400;\">Opera<\/span><\/a><span style=\"font-weight: 400;\">.<\/span><br \/>\n<span style=\"font-weight: 400;\">Il est en revanche possible que, dans ce cas, votre exp\u00e9rience en tant que visiteur soit d\u00e9grad\u00e9e. Pour restaurer une bonne qualit\u00e9 de navigation, il faudra dans ce cas remettre les cookies techniques.<\/span><\/p>\n<h2 class=\"text-normal-nocap\"><span style=\"font-weight: 400;\">Qu&rsquo;est-ce qu&rsquo;un cookie statistique et pourquoi en utilisons-nous ?<\/span><\/h2>\n<p><span style=\"font-weight: 400;\">Un cookie statistique permet d&rsquo;analyser l&rsquo;usage que vous faites d&rsquo;un site internet (ex : temps de navigation, page visit\u00e9e, etc.) afin d&rsquo;am\u00e9liorer votre exp\u00e9rience et de vous fournir un service adapt\u00e9 \u00e0 vos besoins.<\/span><br \/>\n<span style=\"font-weight: 400;\">Pour notre site internet factory319.com, nous utilisons des cookies statistiques non-exon\u00e9r\u00e9s de consentement qui ne peuvent \u00eatre d\u00e9pos\u00e9s sur votre terminal qu&rsquo;avec votre consentement pr\u00e9alable formul\u00e9 par l&rsquo;interm\u00e9diaire de notre bandeau cookies.<\/span><\/p>\n<h2 class=\"text-normal-nocap\"><span style=\"font-weight: 400;\">Qu&rsquo;est-ce qu&rsquo;un cookie publicitaire et pourquoi en utilisons-nous ?<\/span><\/h2>\n<p><span style=\"font-weight: 400;\">Un cookie publicitaire peut permettre soit de fournir de la publicit\u00e9 sur un site internet soit d&rsquo;identifier la source d&rsquo;arriv\u00e9e sur un site du visiteur (ex : Google, Bing, etc.).<\/span><br \/>\n<b>Nous vous garantissons que nous n&rsquo;utilisons aucun cookie publicitaire pour le fonctionnement de notre site internet.<\/b><\/p>\n<h2 class=\"text-normal-nocap\"><span style=\"font-weight: 400;\">Quelles donn\u00e9es personnelles traitons-nous avec nos cookies et pour combien de temps ?<\/span><\/h2>\n<p><span style=\"font-weight: 400;\">Les donn\u00e9es personnelles trait\u00e9es par les cookies que nous utilisons sont :<\/span><\/p>\n<ul>\n<li aria-level=\"1\" style=\"font-weight: 400;\"><b>Votre adresse IP et un ID user<\/b><span style=\"font-weight: 400;\"> que nous cr\u00e9ons lors de votre premi\u00e8re connexion afin de vous reconna\u00eetre pendant une dur\u00e9e de 13 mois maximum.<\/span><\/li>\n<li aria-level=\"1\" style=\"font-weight: 400;\"><span style=\"font-weight: 400;\">Si vous acceptez le d\u00e9p\u00f4t de cookies statistiques, <\/span><b>vos donn\u00e9es personnelles li\u00e9es \u00e0 votre navigation sur notre site internet (ex : pages visit\u00e9es, dur\u00e9es de navigation, etc.)<\/b><span style=\"font-weight: 400;\"> pendant une dur\u00e9e de 13 mois maximum non renouvelable avant toute nouvelle connexion avant le 14e mois<\/span><\/li>\n<\/ul>\n<p><span style=\"font-weight: 400;\">A l&rsquo;expiration des dur\u00e9es de conservation pr\u00e9cis\u00e9es ci-apr\u00e8s, nous ne conservons aucune donn\u00e9e vous concernant. Tout au plus, nous pouvons anonymiser vos donn\u00e9es \u00e0 des fins de <\/span><b>statistiques<\/b><span style=\"font-weight: 400;\">.<\/span><\/p>\n<h2 class=\"text-normal-nocap\"><span style=\"font-weight: 400;\">Comment contr\u00f4lez-vous l&rsquo;utilisation des cookies ?<\/span><\/h2>\n<p><span style=\"font-weight: 400;\">Le droit de refuser des cookies s\u2019effectue \u00e0 tout moment \u00e0 l\u2019aide de notre bandeau cookies.<\/span><br \/>\n<span style=\"font-weight: 400;\">Dans l\u2019hypoth\u00e8se o\u00f9 le bandeau cookies ne s\u2019afficherait plus, vous pouvez \u00e9galement param\u00e9trer les cookies via l&rsquo;onglet \u00ab\u00a0g\u00e9rer les cookies\u00a0\u00bb sur notre site ou directement sur votre navigateur en suivant les instructions suivantes : <\/span><a href=\"https:\/\/support.google.com\/chrome\/answer\/95647?hl=fr&amp;hlrm=en%20%22Chrome%22\"><b>Chrome<\/b><\/a><span style=\"font-weight: 400;\">, <\/span><a href=\"https:\/\/support.microsoft.com\/fr-fr\/microsoft-edge\/supprimer-les-cookies-dans-microsoft-edge-63947406-40ac-c3b8-57b9-2a946a29ae09\"><b>Microsoft Edge<\/b><\/a><span style=\"font-weight: 400;\">, <\/span><a href=\"https:\/\/support.apple.com\/fr-fr\/guide\/safari\/sfri11471\/mac\"><b>Safari<\/b><\/a><span style=\"font-weight: 400;\">, <\/span><a href=\"https:\/\/support.mozilla.org\/fr\/kb\/cookies-informations-sites-enregistrent?redirectlocale=fr&amp;redirectslug=G%C3%A9rer+les+cookies%20%22Firefox%22\"><b>Firefox<\/b><\/a><span style=\"font-weight: 400;\"> , and <\/span><a href=\"https:\/\/help.opera.com\/en\/latest\/web-preferences\/#cookies%20%22Opera%22\"><b>Opera<\/b><\/a><span style=\"font-weight: 400;\">.<\/span><\/p>\n<h2 class=\"text-normal-nocap\"><span style=\"font-weight: 400;\">De quels droits disposez-vous pour contr\u00f4ler l\u2019usage de vos donn\u00e9es personnelles utilis\u00e9es par l&rsquo;interm\u00e9diaire des cookies ?<\/span><\/h2>\n<p><span style=\"font-weight: 400;\">La r\u00e9glementation applicable en mati\u00e8re de protection des donn\u00e9es vous octroie <\/span><b>des droits sp\u00e9cifiques<\/b><span style=\"font-weight: 400;\"> que vous pouvez exercer, <\/span><b>\u00e0 tout moment<\/b><span style=\"font-weight: 400;\"> , and <\/span><b>gratuitement<\/b><span style=\"font-weight: 400;\">, afin de contr\u00f4ler l\u2019usage que nous faisons de vos donn\u00e9es.<\/span><\/p>\n<ul>\n<li aria-level=\"1\" style=\"font-weight: 400;\"><span style=\"font-weight: 400;\">Droit d\u2019<\/span><b>acc\u00e8s<\/b><span style=\"font-weight: 400;\"> et de <\/span><b>copie<\/b><span style=\"font-weight: 400;\"> de vos donn\u00e9es personnelles d\u00e8s lors que cette demande n\u2019est pas en contradiction avec le secret des affaires, la confidentialit\u00e9, ou encore le secret des correspondances.<\/span><\/li>\n<li aria-level=\"1\" style=\"font-weight: 400;\"><span style=\"font-weight: 400;\">Droit de <\/span><b>rectification<\/b><span style=\"font-weight: 400;\"> de donn\u00e9es personnelles qui seraient erron\u00e9es, obsol\u00e8tes ou incompl\u00e8tes.<\/span><\/li>\n<li aria-level=\"1\" style=\"font-weight: 400;\"><span style=\"font-weight: 400;\">Droit de vous <\/span><b>opposer<\/b><span style=\"font-weight: 400;\"> au traitement de vos donn\u00e9es personnelles lorsque celui-ci est fond\u00e9 sur notre int\u00e9r\u00eat l\u00e9gitime, sauf si des motifs l\u00e9gitimes et imp\u00e9rieux justifient ce traitement et pr\u00e9valent sur vos int\u00e9r\u00eats, droits et libert\u00e9s.<\/span><\/li>\n<li aria-level=\"1\" style=\"font-weight: 400;\"><span style=\"font-weight: 400;\">Droit de demander <\/span><b>l\u2019effacement<\/b><span style=\"font-weight: 400;\"> (\u201cdroit \u00e0 l\u2019oubli\u201d) de vos donn\u00e9es personnelles qui ne seraient pas essentielles au bon fonctionnement de nos services.<\/span><\/li>\n<li aria-level=\"1\" style=\"font-weight: 400;\"><span style=\"font-weight: 400;\">Droit \u00e0 la <\/span><b>limitation<\/b><span style=\"font-weight: 400;\"> de vos donn\u00e9es personnelles qui permet de photographier l\u2019utilisation de vos donn\u00e9es en cas de contestation sur la l\u00e9gitimit\u00e9 d\u2019un traitement.<\/span><\/li>\n<li aria-level=\"1\" style=\"font-weight: 400;\"><span style=\"font-weight: 400;\">Droit \u00e0 la <\/span><b>portabilit\u00e9<\/b><span style=\"font-weight: 400;\"> de vos donn\u00e9es qui vous permet de r\u00e9cup\u00e9rer une partie de vos donn\u00e9es personnelles afin de les stocker ou les transmettre facilement d\u2019un syst\u00e8me d\u2019information \u00e0 un autre.<\/span><\/li>\n<li aria-level=\"1\" style=\"font-weight: 400;\"><span style=\"font-weight: 400;\">Droit de donner des <\/span><b>directives<\/b><span style=\"font-weight: 400;\"> sur le sort de vos donn\u00e9es en cas de d\u00e9c\u00e8s soit par votre interm\u00e9diaire, soit l\u2019interm\u00e9diaire d\u2019un tiers de confiance ou d\u2019un ayant-droit.<\/span><\/li>\n<\/ul>\n<p><span style=\"font-weight: 400;\">Pour qu\u2019une demande soit <\/span><b>prise en compte<\/b><span style=\"font-weight: 400;\">, il est imp\u00e9ratif qu\u2019elle soit effectu\u00e9e directement par <\/span><b>vous, ou votre repr\u00e9sentant<\/b><span style=\"font-weight: 400;\"> \u00e0 l\u2019adresse <span \n                data-original-string='kVFdMJev2MWNCW3M5f3Adw==2c4\/OY6581fXRxrQQUmkrMhHytVQ9JXBOhxLRaDCRn5lqY='\n                class='apbct-email-encoder'\n                title='This contact has been encoded by Anti-Spam by CleanTalk. Click to decode. To finish the decoding make sure that JavaScript is enabled in your browser.'>dp<span class=\"apbct-blur\">*<\/span>@<span class=\"apbct-blur\">********<\/span>19.com<\/span>.<\/span><br \/>\n<span style=\"font-weight: 400;\">Les demandes ne peuvent pas \u00e9maner d\u2019une autre personne que vous ou votre repr\u00e9sentant. Nous pouvons donc vous demander la communication d\u2019une <\/span><b>preuve d\u2019identit\u00e9<\/b><span style=\"font-weight: 400;\"> en cas de doute sur l\u2019identit\u00e9 du demandeur, ainsi qu&rsquo;une justification de la repr\u00e9sentation.<\/span><br \/>\n<span style=\"font-weight: 400;\">Nous r\u00e9pondrons \u00e0 votre demande dans les <\/span><b>meilleurs d\u00e9lais<\/b><span style=\"font-weight: 400;\"> avec pour limite un <\/span><b>d\u00e9lai maximum<\/b><span style=\"font-weight: 400;\"> d&rsquo;un mois \u00e0 compter de sa r\u00e9ception, sauf si la demande est techniquement complexe ou si nous recevons de nombreuses demandes au m\u00eame moment. Dans ce cas, le d\u00e9lai de r\u00e9ponse peut \u00eatre de trois mois maximum.<\/span><br \/>\n<span style=\"font-weight: 400;\">Veuillez noter que nous pouvons toujours <\/span><b>refuser<\/b><span style=\"font-weight: 400;\"> de r\u00e9pondre \u00e0 toute demande <\/span><b>excessive ou infond\u00e9e<\/b><span style=\"font-weight: 400;\"> notamment au regard de son caract\u00e8re <\/span><b>r\u00e9p\u00e9titif<\/b><span style=\"font-weight: 400;\">.<\/span><\/p>\n<h2 class=\"text-normal-nocap\"><span style=\"font-weight: 400;\">Vos donn\u00e9es personnelles utilis\u00e9es via nos cookies peuvent-elles \u00eatre transf\u00e9r\u00e9es en dehors de l&rsquo;Union europ\u00e9enne ?<\/span><\/h2>\n<p><b>Les cookies statistiques que nous utilisons peuvent envoyer votre adresse IP et votre ID user en dehors de l&rsquo;Union europ\u00e9enne pour fonctionner.<\/b><span style=\"font-weight: 400;\"> Dans ce cas, nous garantissons que ces outils respectent strictement les r\u00e8gles applicables en mati\u00e8re de transferts afin de garantir une confidentialit\u00e9 et une protection ad\u00e9quate de vos donn\u00e9es personnelles.<\/span><\/p>\n<h2 class=\"text-normal-nocap\"><span style=\"font-weight: 400;\">Qui pouvez-vous contacter pour obtenir plus d\u2019informations sur l&rsquo;utilisation de vos donn\u00e9es personnelles ?<\/span><\/h2>\n<p><span style=\"font-weight: 400;\">Pour garantir au mieux la protection et l&rsquo;int\u00e9grit\u00e9 de vos donn\u00e9es, nous avons officiellement nomm\u00e9 un <\/span><b>D\u00e9l\u00e9gu\u00e9 \u00e0 la protection des donn\u00e9es<\/b><span style=\"font-weight: 400;\"> (\u201c<\/span><b>DPO<\/b><span style=\"font-weight: 400;\">\u201d) <\/span><b>ind\u00e9pendant<\/b><span style=\"font-weight: 400;\"> aupr\u00e8s de notre autorit\u00e9 de contr\u00f4le.<\/span><br \/>\n<span style=\"font-weight: 400;\">Vous pouvez \u00e0 tout moment et gratuitement contacter notre DPO \u00e0 l&rsquo;adresse <span \n                data-original-string='uubnokjlMCD2kJngYJUrNQ==2c45l8\/TB6JNrD8LcuaXAnvhGxbn\/QyS\/VTdB0HPmgFlj0='\n                class='apbct-email-encoder'\n                title='This contact has been encoded by Anti-Spam by CleanTalk. Click to decode. To finish the decoding make sure that JavaScript is enabled in your browser.'>dp<span class=\"apbct-blur\">*<\/span>@<span class=\"apbct-blur\">********<\/span>19.com<\/span> afin d&rsquo;obtenir plus d&rsquo;informations ou de d\u00e9tails sur la mani\u00e8re dont nous traitons vos donn\u00e9es.<\/span><\/p>\n<h2 class=\"text-normal-nocap\"><span style=\"font-weight: 400;\">Comment pouvez-vous contacter la CNIL ?<\/span><\/h2>\n<p><span style=\"font-weight: 400;\">Vous pouvez \u00e0 tout moment contacter la <\/span><b>\u201cCommission nationale de l&rsquo;informatique et des libert\u00e9s\u201d<\/b><span style=\"font-weight: 400;\"> ou <\/span><b>\u201cCNIL\u201d<\/b><span style=\"font-weight: 400;\"> aux coordonn\u00e9es suivantes : Service des plaintes de la CNIL, 3 place de Fontenoy \u2013 TSA 80751, 75334 Paris Cedex 07 ou par t\u00e9l\u00e9phone au 01.53.73.22.22.<\/span><\/p>\n<h2 class=\"text-normal-nocap\"><span style=\"font-weight: 400;\">La Politique d&rsquo;utilisation des cookies peut-elle \u00eatre modifi\u00e9e ?<\/span><\/h2>\n<p><span style=\"font-weight: 400;\">Nous sommes susceptibles de modifier notre Politique d&rsquo;utilisation des cookies \u00e0 <\/span><b>tout moment<\/b><span style=\"font-weight: 400;\"> pour l\u2019adapter aux nouvelles <\/span><b>exigences l\u00e9gales<\/b><span style=\"font-weight: 400;\"> ainsi qu\u2019aux <\/span><b>nouveaux traitements<\/b><span style=\"font-weight: 400;\"> que nous pourrions mettre en \u0153uvre dans le futur.<\/span><br \/>\n<i><span style=\"font-weight: 400;\">Certifi\u00e9 conforme par Dipeeo \u00ae<\/span><\/i><\/p>\n<\/div><\/div><\/div><\/div><\/div>","protected":false},"excerpt":{"rendered":"","protected":false},"author":2,"featured_media":0,"parent":0,"menu_order":0,"comment_status":"closed","ping_status":"closed","template":"100-width.php","meta":{"_acf_changed":false,"footnotes":""},"class_list":["post-4397","page","type-page","status-publish","hentry"],"acf":[],"_links":{"self":[{"href":"https:\/\/factory319.com\/en\/wp-json\/wp\/v2\/pages\/4397","targetHints":{"allow":["GET"]}}],"collection":[{"href":"https:\/\/factory319.com\/en\/wp-json\/wp\/v2\/pages"}],"about":[{"href":"https:\/\/factory319.com\/en\/wp-json\/wp\/v2\/types\/page"}],"author":[{"embeddable":true,"href":"https:\/\/factory319.com\/en\/wp-json\/wp\/v2\/users\/2"}],"replies":[{"embeddable":true,"href":"https:\/\/factory319.com\/en\/wp-json\/wp\/v2\/comments?post=4397"}],"version-history":[{"count":3,"href":"https:\/\/factory319.com\/en\/wp-json\/wp\/v2\/pages\/4397\/revisions"}],"predecessor-version":[{"id":4416,"href":"https:\/\/factory319.com\/en\/wp-json\/wp\/v2\/pages\/4397\/revisions\/4416"}],"wp:attachment":[{"href":"https:\/\/factory319.com\/en\/wp-json\/wp\/v2\/media?parent=4397"}],"curies":[{"name":"wp","href":"https:\/\/api.w.org\/{rel}","templated":true}]}}