{"id":4393,"date":"2025-07-22T08:21:11","date_gmt":"2025-07-22T08:21:11","guid":{"rendered":"https:\/\/factory319.com\/?page_id=4393"},"modified":"2025-07-28T16:26:25","modified_gmt":"2025-07-28T16:26:25","slug":"politique-de-confidentialite","status":"publish","type":"page","link":"https:\/\/factory319.com\/en\/politique-de-confidentialite\/","title":{"rendered":"Privacy Policy\u00a0"},"content":{"rendered":"<div class=\"fusion-fullwidth fullwidth-box fusion-builder-row-1 fusion-flex-container text-normal-nocap nonhundred-percent-fullwidth non-hundred-percent-height-scrolling\" style=\"--awb-border-radius-top-left:0px;--awb-border-radius-top-right:0px;--awb-border-radius-bottom-right:0px;--awb-border-radius-bottom-left:0px;--awb-flex-wrap:wrap;\" ><div class=\"fusion-builder-row fusion-row fusion-flex-align-items-flex-start fusion-flex-content-wrap\" style=\"max-width:1372.8px;margin-left: calc(-4% \/ 2 );margin-right: calc(-4% \/ 2 );\"><div class=\"fusion-layout-column fusion_builder_column fusion-builder-column-0 fusion_builder_column_1_1 1_1 fusion-flex-column\" style=\"--awb-bg-size:cover;--awb-width-large:100%;--awb-margin-top-large:0px;--awb-spacing-right-large:1.92%;--awb-margin-bottom-large:0px;--awb-spacing-left-large:1.92%;--awb-width-medium:100%;--awb-spacing-right-medium:1.92%;--awb-spacing-left-medium:1.92%;--awb-width-small:100%;--awb-spacing-right-small:1.92%;--awb-spacing-left-small:1.92%;\"><div class=\"fusion-column-wrapper fusion-flex-justify-content-flex-start fusion-content-layout-column\"><div class=\"fusion-text fusion-text-1 text-normal-nocap\" style=\"--awb-text-transform:none;\"><h1 class=\"text-normal-nocap\"><span style=\"font-weight: 400;\">&nbsp;Privacy Policy&nbsp;<\/span><\/h1>\n<h2 class=\"text-normal-nocap\"><span style=\"font-weight: 400;\">What is the purpose of our Privacy Policy?<\/span><\/h2>\n<p class=\"translation-block\">Factory 319, which manages the website factory319.com, places great importance on the protection and confidentiality of your personal data, which we consider a sign of seriousness and trust. Accordingly, our Privacy Policy reflects our commitment to ensuring compliance within Factory 319 with applicable data protection rules, particularly those of the General Data Protection Regulation (\"GDPR\"). Specifically, our Privacy Policy aims to inform you about how and why we process your personal data as part of the services we provide to you.<\/p>\n<h2 class=\"text-normal-nocap\"><span style=\"font-weight: 400;\">Who is our Privacy Policy for?<\/span><\/h2>\n<p><span style=\"font-weight: 400;\">Notre Politique de confidentialit\u00e9 s\u2019adresse \u00e0 <\/span><b>vous<\/b><span style=\"font-weight: 400;\">Our Privacy Policy is for you, regardless of where you live, as long as you are at least 15 years old, whether you are one of our clients or a \"simple\" visitor to the site factory319.com. If you are under the legal age mentioned above, you are not authorized to use our services without the prior and explicit consent of one of your parents or the holder of parental authority, which must be sent to us by email at dpo@factory319.com. If you believe we hold personal data about your children without your consent, please contact us at the above address. <\/span><b>clients<\/b><span style=\"font-weight: 400;\"> ou un \u00ab\u00a0simple\u00a0\u00bb <\/span><b>visiteur<\/b><span style=\"font-weight: 400;\"> du site factory319.com.<\/span><br \/>\n<span style=\"font-weight: 400;\">Si vous avez moins de l&rsquo;\u00e2ge l\u00e9gal d\u00e9taill\u00e9 ci-dessus, vous n\u2019\u00eates pas autoris\u00e9 \u00e0 utiliser nos services <\/span><b>sans le consentement pr\u00e9alable et explicite<\/b><span style=\"font-weight: 400;\"> de l\u2019un de vos parents ou du titulaire de l&rsquo;autorit\u00e9 parentale qui doit nous \u00eatre adress\u00e9 par email \u00e0 l\u2019adresse <span \n                data-original-string='tzcWAPDM7la+iWKeujKuOg==2c4xjkauFLFvG+hpewKqsWURYvWqTITXm3uA7toltQvriI='\n                class='apbct-email-encoder'\n                title='This contact has been encoded by Anti-Spam by CleanTalk. Click to decode. To finish the decoding make sure that JavaScript is enabled in your browser.'>dp<span class=\"apbct-blur\">*<\/span>@<span class=\"apbct-blur\">********<\/span>19.com<\/span>.<\/span><br \/>\n<span style=\"font-weight: 400;\">Si vous pensez que nous d\u00e9tenons des donn\u00e9es personnelles concernant vos enfants sans y avoir consenti, nous vous invitons \u00e0 nous contacter \u00e0 l&rsquo;adresse d\u00e9di\u00e9e d\u00e9taill\u00e9e ci-dessus.<\/span><\/p>\n<h2 class=\"text-normal-nocap\"><span style=\"font-weight: 400;\">Does our Privacy Policy apply to job applicants?<\/span><\/h2>\n<p class=\"translation-block\">If you are a candidate for a position at Factory 319, you should consult our \"candidate policy\" which is accessible at any time on our dedicated page at factory319.com and details the data processing carried out during our recruitment process.<\/p>\n<h2 class=\"text-normal-nocap\"><span style=\"font-weight: 400;\">Why do we process your personal data and on what basis?<\/span><\/h2>\n<p><span style=\"font-weight: 400;\">We process your personal data primarily for the following reasons:<\/span><\/p>\n<ul>\n<li aria-level=\"1\" style=\"font-weight: 400;\" class=\"translation-block\">Browsing our website, accessing our services, and enabling us to respond to your inquiries (e.g., information requests, complaints via our contact form), based on our terms of use and our legitimate interest in providing you with the best service possible.<\/li>\n<li aria-level=\"1\" style=\"font-weight: 400;\" class=\"translation-block\">Managing our customer service based on contract performance and our legitimate interest in best responding to your requests and complaints.<\/li>\n<li aria-level=\"1\" style=\"font-weight: 400;\" class=\"translation-block\">Keeping you informed of our latest offers and events by email, based on our legitimate interest in customer retention and prospecting new clients.<\/li>\n<li aria-level=\"1\" style=\"font-weight: 400;\" class=\"translation-block\">Keeping you informed by phone of our latest offers and events, also based on our legitimate interest.<\/li>\n<li aria-level=\"1\" style=\"font-weight: 400;\" class=\"translation-block\">Managing billing and unpaid amounts, based on our legitimate interest in securing payment for our services and on our terms and conditions.<\/li>\n<li aria-level=\"1\" style=\"font-weight: 400;\" class=\"translation-block\">Engaging with us on social media, based on our legitimate interest in maintaining a social media presence.<\/li>\n<li aria-level=\"1\" style=\"font-weight: 400;\" class=\"translation-block\">Applying for a job at Factory 319, based on our discussions during the recruitment process and our legitimate interest in hiring and selecting candidates.<\/li>\n<li aria-level=\"1\" style=\"font-weight: 400;\" class=\"translation-block\">Booking an appointment with our teams, based on our legitimate interest in providing you with an easy way to schedule a meeting.<\/li>\n<li aria-level=\"1\" style=\"font-weight: 400;\" class=\"translation-block\">Downloading documents, based on our general terms of use.<\/li>\n<\/ul>\n<h2 class=\"text-normal-nocap\"><span style=\"font-weight: 400;\">How did we obtain your personal data?<\/span><\/h2>\n<p class=\"translation-block\">Your data is collected directly from you when you are a client of our services or a \"simple\" visitor to our site factory319.com, and we commit to processing your data only for the reasons described above.<br>\n\nYour data may also be processed indirectly during events or via social media platforms (e.g., LinkedIn). However, when you voluntarily post content on our social media pages, you acknowledge being fully responsible for any personal information you may share, regardless of its nature or origin.<\/p>\n<h2 class=\"text-normal-nocap\"><span style=\"font-weight: 400;\">What personal data do we process and for how long?<\/span><\/h2>\n<p><span style=\"font-weight: 400;\">Nous avons r\u00e9sum\u00e9 ci-apr\u00e8s les <\/span><b>cat\u00e9gories de donn\u00e9es personnelles<\/b><span style=\"font-weight: 400;\"> ainsi que leurs <\/span><b>dur\u00e9es respectives de conservation<\/b><span style=\"font-weight: 400;\"> :<\/span><\/p>\n<ul>\n<li aria-level=\"1\" style=\"font-weight: 400;\"><b>Donn\u00e9es d\u2019identification professionnelles<\/b><span style=\"font-weight: 400;\"> (ex : nom, pr\u00e9nom, poste, entreprise, etc.) et <\/span><b>coordonn\u00e9es<\/b><span style=\"font-weight: 400;\"> (ex : adresse email et t\u00e9l\u00e9phone professionnel, etc.) conserv\u00e9es pendant toute la dur\u00e9e de la fourniture du service \u00e0 laquelle s&rsquo;ajoutent les d\u00e9lais de prescriptions l\u00e9gaux qui sont g\u00e9n\u00e9ralement de 5 ans.<\/span><\/li>\n<li aria-level=\"1\" style=\"font-weight: 400;\"><b>Lorsqu&rsquo;il y a une confusion entre le nom de votre structure et votre nom personnel (ex : auto-entrepreneur, TPE, etc.), donn\u00e9es d\u2019ordre \u00e9conomique et financier (ex : num\u00e9ro de compte bancaire, code de v\u00e9rification, etc.)<\/b><span style=\"font-weight: 400;\"> conserv\u00e9es pendant la dur\u00e9e n\u00e9cessaire \u00e0 la transaction et \u00e0 la gestion de la facturation et des paiements \u00e0 laquelle s\u2019ajoutent les d\u00e9lais de prescription l\u00e9gaux qui sont g\u00e9n\u00e9ralement de 5 ans \u00e0 10 ans.<\/span><\/li>\n<li aria-level=\"1\" style=\"font-weight: 400;\"><b>Num\u00e9ro de t\u00e9l\u00e9phone dans le cadre de nos campagnes de prospection commerciale par t\u00e9l\u00e9phone<\/b><span style=\"font-weight: 400;\"> conserv\u00e9 pendant une dur\u00e9e maximum de 3 ans \u00e0 compter du dernier contact que nous avons eu avec vous.<\/span><\/li>\n<li aria-level=\"1\" style=\"font-weight: 400;\"><b>Adresse email dans le cadre de nos campagnes de prospection commerciale par email<\/b><span style=\"font-weight: 400;\"> conserv\u00e9e pendant une dur\u00e9e maximum de 3 ans \u00e0 compter du dernier contact que nous avons eu avec vous.<\/span><\/li>\n<li aria-level=\"1\" style=\"font-weight: 400;\"><b>Donn\u00e9es de connexion<\/b><span style=\"font-weight: 400;\"> (ex : logs, adresse IP, etc.) conserv\u00e9es pendant une dur\u00e9e de 1 an.<\/span><\/li>\n<li aria-level=\"1\" style=\"font-weight: 400;\"><b>Les candidatures et CV<\/b><span style=\"font-weight: 400;\"> transmis dans le cadre de notre processus de recrutement sont conserv\u00e9s pendant une dur\u00e9e de 2 ans \u00e0 compter du dernier \u00e9change avec le candidat.<\/span><\/li>\n<li aria-level=\"1\" style=\"font-weight: 400;\"><b>Cookies<\/b><span style=\"font-weight: 400;\"> qui sont en g\u00e9n\u00e9ral conserv\u00e9s pendant une dur\u00e9e de 13 mois maximum. Pour plus de d\u00e9tails sur l&rsquo;utilisation que nous faisons de vos cookies, vous pouvez consulter notre politique cookies accessible \u00e0 tout moment sur notre site internet.<\/span><\/li>\n<\/ul>\n<p><span style=\"font-weight: 400;\">A l&rsquo;expiration des dur\u00e9es de conservation applicables, la suppression de vos donn\u00e9es personnelles est <\/span><b>irr\u00e9versible<\/b><span style=\"font-weight: 400;\"> et nous ne pourrons plus vous les communiquer pass\u00e9 ce d\u00e9lai. Tout au plus, nous pouvons uniquement conserver des donn\u00e9es anonymes \u00e0 des fins de <\/span><b>statistiques<\/b><span style=\"font-weight: 400;\">.<\/span><br \/>\n<span style=\"font-weight: 400;\">Veuillez \u00e9galement noter qu\u2019en cas de <\/span><b>contentieux<\/b><span style=\"font-weight: 400;\">, nous avons pour obligation de conserver <\/span><b>l\u2019int\u00e9gralit\u00e9<\/b><span style=\"font-weight: 400;\"> des donn\u00e9es personnelles vous concernant durant toute la dur\u00e9e de traitement du dossier m\u00eame apr\u00e8s l\u2019expiration de leurs dur\u00e9es de conservation d\u00e9crites pr\u00e9c\u00e9demment.<\/span><\/p>\n<h2 class=\"text-normal-nocap\"><span style=\"font-weight: 400;\">De quels droits disposez-vous pour contr\u00f4ler l\u2019usage de vos donn\u00e9es personnelles ?<\/span><\/h2>\n<p><span style=\"font-weight: 400;\">La r\u00e9glementation applicable en mati\u00e8re de protection des donn\u00e9es vous octroie <\/span><b>des droits sp\u00e9cifiques<\/b><span style=\"font-weight: 400;\"> que vous pouvez exercer, <\/span><b>\u00e0 tout moment<\/b><span style=\"font-weight: 400;\"> , and <\/span><b>gratuitement<\/b><span style=\"font-weight: 400;\">, afin de contr\u00f4ler l\u2019usage que nous faisons de vos donn\u00e9es.<\/span><\/p>\n<ul>\n<li aria-level=\"1\" style=\"font-weight: 400;\"><span style=\"font-weight: 400;\">Droit d\u2019<\/span><b>acc\u00e8s<\/b><span style=\"font-weight: 400;\"> et de <\/span><b>copie<\/b><span style=\"font-weight: 400;\"> de vos donn\u00e9es personnelles d\u00e8s lors que cette demande n\u2019est pas en contradiction avec le secret des affaires, la confidentialit\u00e9, ou encore le secret des correspondances.<\/span><\/li>\n<li aria-level=\"1\" style=\"font-weight: 400;\"><span style=\"font-weight: 400;\">Droit de <\/span><b>rectification<\/b><span style=\"font-weight: 400;\"> de donn\u00e9es personnelles qui seraient erron\u00e9es, obsol\u00e8tes ou incompl\u00e8tes.<\/span><\/li>\n<li aria-level=\"1\" style=\"font-weight: 400;\"><span style=\"font-weight: 400;\">Droit de vous <\/span><b>opposer<\/b><span style=\"font-weight: 400;\"> aux traitements de vos donn\u00e9es personnelles mis en \u0153uvre \u00e0 des fins de prospection commerciale, ainsi qu&rsquo;aux traitements fond\u00e9s sur notre int\u00e9r\u00eat l\u00e9gitime sauf si des motifs l\u00e9gitimes et imp\u00e9rieux justifient ces traitements et pr\u00e9valent sur vos int\u00e9r\u00eats, droits et libert\u00e9s.<\/span><\/li>\n<li aria-level=\"1\" style=\"font-weight: 400;\"><span style=\"font-weight: 400;\">Droit de demander <\/span><b>l\u2019effacement<\/b><span style=\"font-weight: 400;\"> (\u201cdroit \u00e0 l\u2019oubli\u201d) de vos donn\u00e9es personnelles qui ne seraient pas essentielles au bon fonctionnement de nos services.<\/span><\/li>\n<li aria-level=\"1\" style=\"font-weight: 400;\"><span style=\"font-weight: 400;\">Droit \u00e0 la <\/span><b>limitation<\/b><span style=\"font-weight: 400;\"> de vos donn\u00e9es personnelles qui permet de photographier l\u2019utilisation de vos donn\u00e9es en cas de contestation sur la l\u00e9gitimit\u00e9 d\u2019un traitement.<\/span><\/li>\n<li aria-level=\"1\" style=\"font-weight: 400;\"><span style=\"font-weight: 400;\">Droit \u00e0 la <\/span><b>portabilit\u00e9<\/b><span style=\"font-weight: 400;\"> de vos donn\u00e9es qui vous permet de r\u00e9cup\u00e9rer une partie de vos donn\u00e9es personnelles afin de les stocker ou les transmettre facilement d\u2019un syst\u00e8me d\u2019information \u00e0 un autre.<\/span><\/li>\n<li aria-level=\"1\" style=\"font-weight: 400;\"><span style=\"font-weight: 400;\">Droit de donner des <\/span><b>directives<\/b><span style=\"font-weight: 400;\"> sur le sort de vos donn\u00e9es en cas de d\u00e9c\u00e8s soit par votre interm\u00e9diaire, soit par l\u2019interm\u00e9diaire d\u2019un tiers de confiance ou d\u2019un ayant-droit.<\/span><\/li>\n<\/ul>\n<p><span style=\"font-weight: 400;\">Pour qu\u2019une demande soit <\/span><b>prise en compte<\/b><span style=\"font-weight: 400;\">, il est imp\u00e9ratif qu\u2019elle soit effectu\u00e9e directement par <\/span><b>vous, ou votre repr\u00e9sentant<\/b><span style=\"font-weight: 400;\"> \u00e0 l\u2019adresse <span \n                data-original-string='45j7\/iOW7+8foHPWRmS0Hw==2c4I7AxcEnOdkpn+g\/cZatNEvlaqzxWKmVvHhUerwODPH4='\n                class='apbct-email-encoder'\n                title='This contact has been encoded by Anti-Spam by CleanTalk. Click to decode. To finish the decoding make sure that JavaScript is enabled in your browser.'>dp<span class=\"apbct-blur\">*<\/span>@<span class=\"apbct-blur\">********<\/span>19.com<\/span>.<\/span><br \/>\n<span style=\"font-weight: 400;\">Les demandes ne peuvent pas \u00e9maner d\u2019une autre personne que vous ou votre repr\u00e9sentant. Nous pouvons donc vous demander la communication d\u2019une <\/span><b>preuve d\u2019identit\u00e9<\/b><span style=\"font-weight: 400;\"> en cas de doute sur l\u2019identit\u00e9 du demandeur, ainsi qu&rsquo;une justification de la repr\u00e9sentation.<\/span><br \/>\n<span style=\"font-weight: 400;\">Nous r\u00e9pondrons \u00e0 votre demande dans les <\/span><b>meilleurs d\u00e9lais<\/b><span style=\"font-weight: 400;\"> avec pour limite un <\/span><b>d\u00e9lai maximum<\/b><span style=\"font-weight: 400;\"> d&rsquo;un mois \u00e0 compter de sa r\u00e9ception, sauf si la demande est techniquement complexe ou si nous recevons de nombreuses demandes au m\u00eame moment. Dans ce cas, le d\u00e9lai de r\u00e9ponse peut \u00eatre de trois mois maximum.<\/span><br \/>\n<span style=\"font-weight: 400;\">Veuillez noter que nous pouvons toujours <\/span><b>refuser<\/b><span style=\"font-weight: 400;\"> de r\u00e9pondre \u00e0 toute demande <\/span><b>excessive ou infond\u00e9e<\/b><span style=\"font-weight: 400;\"> notamment au regard de son caract\u00e8re <\/span><b>r\u00e9p\u00e9titif<\/b><span style=\"font-weight: 400;\">.<\/span><\/p>\n<h2 class=\"text-normal-nocap\"><span style=\"font-weight: 400;\">Qui peut avoir acc\u00e8s \u00e0 vos donn\u00e9es personnelles ?<\/span><\/h2>\n<p><span style=\"font-weight: 400;\">Vos donn\u00e9es personnelles sont trait\u00e9es par <\/span><b>nos \u00e9quipes<\/b><span style=\"font-weight: 400;\"> et par <\/span><b>nos prestataires techniques dans l&rsquo;unique but de faire fonctionner notre service<\/b><span style=\"font-weight: 400;\">.<\/span><br \/>\n<span style=\"font-weight: 400;\">Nous pr\u00e9cisons que nous <\/span><b>contr\u00f4lons tous nos prestataires techniques avant de les recruter<\/b><span style=\"font-weight: 400;\"> afin de s&rsquo;assurer qu&rsquo;ils respectent scrupuleusement les r\u00e8gles applicables en mati\u00e8re de protection des donn\u00e9es personnelles.<\/span><br \/>\n<span style=\"font-weight: 400;\">Par ailleurs, nous vous garantissons que nous ne transf\u00e9rons ou ne vendons jamais vos donn\u00e9es \u00e0 des tiers ou \u00e0 des partenaires commerciaux.<\/span><\/p>\n<h2 class=\"text-normal-nocap\"><span style=\"font-weight: 400;\">Vos donn\u00e9es personnelles peuvent-elles \u00eatre transf\u00e9r\u00e9es en dehors de l&rsquo;Union europ\u00e9enne ?<\/span><\/h2>\n<p><span style=\"font-weight: 400;\">Les donn\u00e9es personnelles trait\u00e9es par notre site internet sont exclusivement h\u00e9berg\u00e9es sur des serveurs situ\u00e9s au sein de l&rsquo;Union europ\u00e9enne.<\/span><br \/>\n<span style=\"font-weight: 400;\">Par ailleurs, nous faisons notre maximum pour n&rsquo;utiliser que des outils techniques dont les serveurs sont \u00e9galement situ\u00e9s au sein de l\u2019Union europ\u00e9enne. Si toutefois cela n&rsquo;\u00e9tait pas le cas, nous veillons scrupuleusement \u00e0 ce qu\u2019ils mettent en \u0153uvre les <\/span><b>garanties appropri\u00e9es requises pour assurer la confidentialit\u00e9 et la protection de vos donn\u00e9es personnelles<\/b><span style=\"font-weight: 400;\">.<\/span><\/p>\n<h2 class=\"text-normal-nocap\"><span style=\"font-weight: 400;\">Comment prot\u00e9geons-nous vos donn\u00e9es personnelles ?<\/span><\/h2>\n<p><span style=\"font-weight: 400;\">Nous mettons en \u0153uvre tous les <\/span><b>moyens techniques<\/b><span style=\"font-weight: 400;\"> , and <\/span><b>organisationnels requis<\/b><span style=\"font-weight: 400;\"> pour garantir la <\/span><b>s\u00e9curit\u00e9<\/b><span style=\"font-weight: 400;\"> de vos donn\u00e9es personnelles au quotidien et, en particulier, pour lutter contre tout risque de destruction, perte, alt\u00e9ration, ou divulgation.<\/span><\/p>\n<h2 class=\"text-normal-nocap\"><span style=\"font-weight: 400;\">Utilisons-nous des cookies lorsque vous naviguez sur notre site internet ?<\/span><\/h2>\n<p><b>Nous vous garantissons que nous n&rsquo;utilisons aucun cookie publicitaire pour le fonctionnement de ce site.<\/b><br \/>\n<span style=\"font-weight: 400;\">En revanche, nous vous informons que nous utilisons des cookies statistiques lorsque vous naviguez sur notre site internet. Pour plus d&rsquo;informations, nous vous invitons \u00e0 consulter notre Politique cookies.<\/span><\/p>\n<h2 class=\"text-normal-nocap\"><span style=\"font-weight: 400;\">Qui pouvez-vous contacter pour obtenir plus d\u2019informations sur l&rsquo;utilisation de vos donn\u00e9es personnelles ?<\/span><\/h2>\n<p><span style=\"font-weight: 400;\">Pour garantir au mieux la protection et l&rsquo;int\u00e9grit\u00e9 de vos donn\u00e9es, nous avons officiellement nomm\u00e9 un <\/span><b>D\u00e9l\u00e9gu\u00e9 \u00e0 la protection des donn\u00e9es<\/b><span style=\"font-weight: 400;\"> (\u201c<\/span><b>DPO<\/b><span style=\"font-weight: 400;\">\u201d) <\/span><b>ind\u00e9pendant<\/b><span style=\"font-weight: 400;\"> aupr\u00e8s de notre autorit\u00e9 de contr\u00f4le.<\/span><br \/>\n<span style=\"font-weight: 400;\">Vous pouvez \u00e0 tout moment et gratuitement contacter notre DPO \u00e0 l&rsquo;adresse <span \n                data-original-string='sDj1HHPSDo+PM9622MVjdQ==2c4XA+RYKnN4MzuMtGPV2pqYB0zHiQ28NwytAFVQyPIl\/g='\n                class='apbct-email-encoder'\n                title='This contact has been encoded by Anti-Spam by CleanTalk. Click to decode. To finish the decoding make sure that JavaScript is enabled in your browser.'>dp<span class=\"apbct-blur\">*<\/span>@<span class=\"apbct-blur\">********<\/span>19.com<\/span> afin d&rsquo;obtenir plus d&rsquo;informations ou de d\u00e9tails sur la mani\u00e8re dont nous traitons vos donn\u00e9es.<\/span><\/p>\n<h2 class=\"text-normal-nocap\"><span style=\"font-weight: 400;\">Comment pouvez-vous contacter la CNIL ?<\/span><\/h2>\n<p><span style=\"font-weight: 400;\">Vous pouvez \u00e0 tout moment contacter la <\/span><b>\u201cCommission nationale de l&rsquo;informatique et des libert\u00e9s\u201d<\/b><span style=\"font-weight: 400;\"> ou <\/span><b>\u201cCNIL\u201d<\/b><span style=\"font-weight: 400;\"> aux coordonn\u00e9es suivantes : Service des plaintes de la CNIL, 3 place de Fontenoy \u2013 TSA 80751, 75334 Paris Cedex 07 ou par t\u00e9l\u00e9phone au 01.53.73.22.22.<\/span><\/p>\n<h2 class=\"text-normal-nocap\"><span style=\"font-weight: 400;\">La Politique de confidentialit\u00e9 peut-elle \u00eatre modifi\u00e9e ?<\/span><\/h2>\n<p><span style=\"font-weight: 400;\">Nous sommes susceptibles de modifier notre Politique de confidentialit\u00e9 \u00e0 <\/span><b>tout moment<\/b><span style=\"font-weight: 400;\"> pour l\u2019adapter aux nouvelles <\/span><b>exigences l\u00e9gales<\/b><span style=\"font-weight: 400;\"> ainsi qu\u2019aux <\/span><b>nouveaux traitements<\/b><span style=\"font-weight: 400;\"> que nous pourrions mettre en \u0153uvre dans le futur.<\/span><br \/>\n<i><span style=\"font-weight: 400;\">Certifi\u00e9 conforme par Dipeeo \u00ae<\/span><\/i><\/p>\n<\/div><\/div><\/div><\/div><\/div>","protected":false},"excerpt":{"rendered":"","protected":false},"author":2,"featured_media":0,"parent":0,"menu_order":0,"comment_status":"closed","ping_status":"closed","template":"100-width.php","meta":{"_acf_changed":false,"footnotes":""},"class_list":["post-4393","page","type-page","status-publish","hentry"],"acf":[],"_links":{"self":[{"href":"https:\/\/factory319.com\/en\/wp-json\/wp\/v2\/pages\/4393","targetHints":{"allow":["GET"]}}],"collection":[{"href":"https:\/\/factory319.com\/en\/wp-json\/wp\/v2\/pages"}],"about":[{"href":"https:\/\/factory319.com\/en\/wp-json\/wp\/v2\/types\/page"}],"author":[{"embeddable":true,"href":"https:\/\/factory319.com\/en\/wp-json\/wp\/v2\/users\/2"}],"replies":[{"embeddable":true,"href":"https:\/\/factory319.com\/en\/wp-json\/wp\/v2\/comments?post=4393"}],"version-history":[{"count":6,"href":"https:\/\/factory319.com\/en\/wp-json\/wp\/v2\/pages\/4393\/revisions"}],"predecessor-version":[{"id":4414,"href":"https:\/\/factory319.com\/en\/wp-json\/wp\/v2\/pages\/4393\/revisions\/4414"}],"wp:attachment":[{"href":"https:\/\/factory319.com\/en\/wp-json\/wp\/v2\/media?parent=4393"}],"curies":[{"name":"wp","href":"https:\/\/api.w.org\/{rel}","templated":true}]}}